{"id":3800,"date":"2022-01-13T15:37:50","date_gmt":"2022-01-13T14:37:50","guid":{"rendered":"https:\/\/www.chambredhotecarcassonne.com\/?page_id=3800"},"modified":"2022-04-06T20:59:15","modified_gmt":"2022-04-06T18:59:15","slug":"zustellung","status":"publish","type":"page","link":"https:\/\/www.chambredhotecarcassonne.com\/de\/zustellung\/","title":{"rendered":"Zustellung"},"content":{"rendered":"<div class=\"fusion-fullwidth fullwidth-box fusion-builder-row-1 fusion-flex-container nonhundred-percent-fullwidth non-hundred-percent-height-scrolling\" style=\"--awb-border-radius-top-left:0px;--awb-border-radius-top-right:0px;--awb-border-radius-bottom-right:0px;--awb-border-radius-bottom-left:0px;--awb-flex-wrap:wrap;\" ><div class=\"fusion-builder-row fusion-row fusion-flex-align-items-flex-start fusion-flex-content-wrap\" style=\"max-width:1248px;margin-left: calc(-4% \/ 2 );margin-right: calc(-4% \/ 2 );\"><div class=\"fusion-layout-column fusion_builder_column fusion-builder-column-0 fusion_builder_column_1_1 1_1 fusion-flex-column\" style=\"--awb-bg-size:cover;--awb-width-large:100%;--awb-margin-top-large:0px;--awb-spacing-right-large:1.92%;--awb-margin-bottom-large:20px;--awb-spacing-left-large:1.92%;--awb-width-medium:100%;--awb-order-medium:0;--awb-spacing-right-medium:1.92%;--awb-spacing-left-medium:1.92%;--awb-width-small:100%;--awb-order-small:0;--awb-spacing-right-small:1.92%;--awb-spacing-left-small:1.92%;\"><div class=\"fusion-column-wrapper fusion-column-has-shadow fusion-flex-justify-content-flex-start fusion-content-layout-column\"><div class=\"fusion-text fusion-text-1\" style=\"--awb-text-transform:none;\"><p><span style=\"color: #555555;\"><span style=\"font-family: Arial, serif;\"><span style=\"font-size: x-large;\"><b>LIEFERZEITEN<\/b><\/span><\/span><\/span><\/p>\n<p><span style=\"color: #777777;\"><span style=\"font-family: Arial, serif;\"><span style=\"font-size: large;\"><b>Auftragsbearbeitungszeit: Bestellungen werden in der Regel innerhalb von 24 Stunden verarbeitet und versendet.<\/b><\/span><\/span><\/span><\/p>\n<p><span style=\"color: #777777;\"><span style=\"font-family: Arial, serif;\"><span style=\"font-size: large;\">Sobald Ihre Bestellung versandt wurde, erfolgt die Lieferung durch COLISSIMO ist dann in der Regel innerhalb von 48 Stunden erledigt.<\/span><\/span><\/span><\/p>\n<p><span style=\"color: #777777;\"><span style=\"font-family: Arial, serif;\"><span style=\"font-size: large;\">Um die Versandkosten rentabel zu machen, leider nicht komprimierbar Wir laden Sie ein, Ihre Bestellungen mit Ihrer Familie, Ihren Freunden zu gruppieren, um das maximale Gewicht f\u00fcr jeden Versandtarif zu erreichen (bis zu 3 kg, bis zu 5 kg, bis zu 15 kg, bis zu 20 kg und bis zu 30 kg f\u00fcr das franz\u00f6sische Mutterland und Korsika). .<\/span><\/span><\/span><\/p>\n<p><span style=\"color: #777777;\"><span style=\"font-family: Arial, serif;\"><span style=\"font-size: large;\">F\u00fcr Deutschland, Belgien, L\u00e4nder -Bas, Luxemburg , Italien, Spanien, \u00d6sterreich und Schweiz: bis 3 kg, bis 6 kg, bis 10 kg, bis 15 kg und bis 30 kg.<\/span><\/span><\/span><\/p>\n<p><span style=\"color: #777777;\"><span style=\"font-family: Arial, serif;\"><span style=\"font-size: large;\">Wir stehen Ihnen gerne zur Verf\u00fcgung, um Ihre Fragen zu beantworten &lt; \/span&gt;<\/span><\/span><span style=\"color: #777777;\"><span style=\"font-family: Arial, serif;\"><span style=\"font-size: large;\"> telefonisch unter 0617844065 oder \u00fcber das <a href=\"https:\/\/www.chambredhotecarcassonne.com\/#contact\">Kontaktformular<\/a>.<\/span><\/span><\/span><\/span><\/p>\n<\/div><\/div><\/div><\/div><\/div>\n","protected":false},"excerpt":{"rendered":"","protected":false},"author":1,"featured_media":0,"parent":0,"menu_order":0,"comment_status":"closed","ping_status":"closed","template":"","meta":{"_monsterinsights_skip_tracking":false,"_monsterinsights_sitenote_active":false,"_monsterinsights_sitenote_note":"","_monsterinsights_sitenote_category":0,"footnotes":""},"class_list":["post-3800","page","type-page","status-publish","hentry"],"aioseo_notices":[],"_links":{"self":[{"href":"https:\/\/www.chambredhotecarcassonne.com\/de\/wp-json\/wp\/v2\/pages\/3800","targetHints":{"allow":["GET"]}}],"collection":[{"href":"https:\/\/www.chambredhotecarcassonne.com\/de\/wp-json\/wp\/v2\/pages"}],"about":[{"href":"https:\/\/www.chambredhotecarcassonne.com\/de\/wp-json\/wp\/v2\/types\/page"}],"author":[{"embeddable":true,"href":"https:\/\/www.chambredhotecarcassonne.com\/de\/wp-json\/wp\/v2\/users\/1"}],"replies":[{"embeddable":true,"href":"https:\/\/www.chambredhotecarcassonne.com\/de\/wp-json\/wp\/v2\/comments?post=3800"}],"version-history":[{"count":4,"href":"https:\/\/www.chambredhotecarcassonne.com\/de\/wp-json\/wp\/v2\/pages\/3800\/revisions"}],"predecessor-version":[{"id":4206,"href":"https:\/\/www.chambredhotecarcassonne.com\/de\/wp-json\/wp\/v2\/pages\/3800\/revisions\/4206"}],"wp:attachment":[{"href":"https:\/\/www.chambredhotecarcassonne.com\/de\/wp-json\/wp\/v2\/media?parent=3800"}],"curies":[{"name":"wp","href":"https:\/\/api.w.org\/{rel}","templated":true}]}}