{"id":3808,"date":"2021-11-20T22:19:34","date_gmt":"2021-11-20T21:19:34","guid":{"rendered":"https:\/\/www.chambredhotecarcassonne.com\/produit\/verbreiten\/"},"modified":"2022-04-11T16:47:51","modified_gmt":"2022-04-11T14:47:51","slug":"verbreiten","status":"publish","type":"product","link":"https:\/\/www.chambredhotecarcassonne.com\/de\/produit\/verbreiten\/","title":{"rendered":"Brotaufstrich"},"content":{"rendered":"<div class=\"fusion-fullwidth fullwidth-box fusion-builder-row-1 fusion-flex-container nonhundred-percent-fullwidth non-hundred-percent-height-scrolling\" style=\"--awb-border-radius-top-left:0px;--awb-border-radius-top-right:0px;--awb-border-radius-bottom-right:0px;--awb-border-radius-bottom-left:0px;--awb-flex-wrap:wrap;\" ><div class=\"fusion-builder-row fusion-row fusion-flex-align-items-flex-start fusion-flex-content-wrap\" style=\"max-width:1248px;margin-left: calc(-4% \/ 2 );margin-right: calc(-4% \/ 2 );\"><div class=\"fusion-layout-column fusion_builder_column fusion-builder-column-0 fusion_builder_column_1_1 1_1 fusion-flex-column\" style=\"--awb-bg-size:cover;--awb-width-large:100%;--awb-margin-top-large:0px;--awb-spacing-right-large:1.92%;--awb-margin-bottom-large:0px;--awb-spacing-left-large:1.92%;--awb-width-medium:100%;--awb-spacing-right-medium:1.92%;--awb-spacing-left-medium:1.92%;--awb-width-small:100%;--awb-spacing-right-small:1.92%;--awb-spacing-left-small:1.92%;\"><div class=\"fusion-column-wrapper fusion-flex-justify-content-flex-start fusion-content-layout-column\"><div class=\"fusion-text fusion-text-1\" style=\"--awb-text-transform:none;\"><p>Zubereitet von Jean-Claude mit 50 % Mandel-\/Haselnuss-Nougat und 50 % Gianduja und einem Spritzer Haselnuss\u00f6l.<\/p>\n<h3 class=\"fusion-woocommerce-tab-title\">Information:<\/h3>\n<p>Produkt ohne Konservierungsstoffe garantiert ohne Palm\u00f6l. Es sollte bei Raumtemperatur gelagert werden, da es jedoch keine Lebensmittelzusatzstoffe enth\u00e4lt, kann sein Aussehen je nach Jahreszeit variieren und es kann sein, dass es umger\u00fchrt werden muss, um wieder eine glatte Textur zu erhalten.<\/p>\n<h3 class=\"fusion-woocommerce-tab-title\">Gewicht und Menge<\/h3>\n<p>0,560 kg brutto bei einem Nettogewicht von 0,320 kg<\/p>\n<\/div><\/div><\/div><\/div><\/div>\n","protected":false},"excerpt":{"rendered":"<p>Brotaufstrich zubereitet von Jean-Claude mit 50% Mandel-\/Haselnussnougat<\/p>\n","protected":false},"featured_media":3386,"template":"","meta":{"_monsterinsights_skip_tracking":false,"_monsterinsights_sitenote_active":false,"_monsterinsights_sitenote_note":"","_monsterinsights_sitenote_category":0},"product_brand":[],"product_cat":[61],"product_tag":[],"class_list":{"0":"post-3808","1":"product","2":"type-product","3":"status-publish","4":"has-post-thumbnail","6":"product_cat-gastronomie-de","8":"first","9":"instock","10":"shipping-taxable","11":"purchasable","12":"product-type-simple"},"aioseo_notices":[],"_links":{"self":[{"href":"https:\/\/www.chambredhotecarcassonne.com\/de\/wp-json\/wp\/v2\/product\/3808","targetHints":{"allow":["GET"]}}],"collection":[{"href":"https:\/\/www.chambredhotecarcassonne.com\/de\/wp-json\/wp\/v2\/product"}],"about":[{"href":"https:\/\/www.chambredhotecarcassonne.com\/de\/wp-json\/wp\/v2\/types\/product"}],"wp:featuredmedia":[{"embeddable":true,"href":"https:\/\/www.chambredhotecarcassonne.com\/de\/wp-json\/wp\/v2\/media\/3386"}],"wp:attachment":[{"href":"https:\/\/www.chambredhotecarcassonne.com\/de\/wp-json\/wp\/v2\/media?parent=3808"}],"wp:term":[{"taxonomy":"product_brand","embeddable":true,"href":"https:\/\/www.chambredhotecarcassonne.com\/de\/wp-json\/wp\/v2\/product_brand?post=3808"},{"taxonomy":"product_cat","embeddable":true,"href":"https:\/\/www.chambredhotecarcassonne.com\/de\/wp-json\/wp\/v2\/product_cat?post=3808"},{"taxonomy":"product_tag","embeddable":true,"href":"https:\/\/www.chambredhotecarcassonne.com\/de\/wp-json\/wp\/v2\/product_tag?post=3808"}],"curies":[{"name":"wp","href":"https:\/\/api.w.org\/{rel}","templated":true}]}}