{"id":3818,"date":"2021-10-23T15:57:26","date_gmt":"2021-10-23T13:57:26","guid":{"rendered":"https:\/\/www.chambredhotecarcassonne.com\/produit\/kaninchenterrine\/"},"modified":"2022-04-03T12:11:18","modified_gmt":"2022-04-03T10:11:18","slug":"kaninchenterrine","status":"publish","type":"product","link":"https:\/\/www.chambredhotecarcassonne.com\/de\/produit\/kaninchenterrine\/","title":{"rendered":"Kaninchenterrine"},"content":{"rendered":"<div class=\"fusion-fullwidth fullwidth-box fusion-builder-row-1 fusion-flex-container nonhundred-percent-fullwidth non-hundred-percent-height-scrolling\" style=\"--awb-border-radius-top-left:0px;--awb-border-radius-top-right:0px;--awb-border-radius-bottom-right:0px;--awb-border-radius-bottom-left:0px;--awb-flex-wrap:wrap;\" ><div class=\"fusion-builder-row fusion-row fusion-flex-align-items-flex-start fusion-flex-content-wrap\" style=\"max-width:1248px;margin-left: calc(-4% \/ 2 );margin-right: calc(-4% \/ 2 );\"><div class=\"fusion-layout-column fusion_builder_column fusion-builder-column-0 fusion_builder_column_1_1 1_1 fusion-flex-column\" style=\"--awb-bg-size:cover;--awb-width-large:100%;--awb-margin-top-large:0px;--awb-spacing-right-large:1.92%;--awb-margin-bottom-large:0px;--awb-spacing-left-large:1.92%;--awb-width-medium:100%;--awb-spacing-right-medium:1.92%;--awb-spacing-left-medium:1.92%;--awb-width-small:100%;--awb-spacing-right-small:1.92%;--awb-spacing-left-small:1.92%;\"><div class=\"fusion-column-wrapper fusion-flex-justify-content-flex-start fusion-content-layout-column\"><div class=\"fusion-text fusion-text-1\" style=\"--awb-text-transform:none;\"><p>Ein Klassiker der Belle Minervoise. Zubereitet von Jean-Claude mit folgenden Zutaten: Schweinelende, Kaninchenfleisch, Ei, Cognac, Salz, Pfeffer, Zwiebeln, Knoblauch, Schalotte und Gew\u00fcrzkr\u00e4utern, anschlie\u00dfend f\u00fcr die Langzeitlagerung sterilisiert. Ein einfach zu implementierender Starter und voller Aromen.<\/p>\n<h3 class=\"fusion-woocommerce-tab-title\">Information:<\/h3>\n<p>Keine Konservierungsstoffe oder k\u00fcnstliche Aromen. Produkt k\u00fchl und trocken lagern.<\/p>\n<h3 class=\"fusion-woocommerce-tab-title\">Gewicht und Menge<\/h3>\n<p>0,650 kg brutto bei einem Nettogewicht von 0,340 kg<\/p>\n<\/div><div class=\"fusion-text fusion-text-2\"><h3 class=\"fusion-woocommerce-tab-title\">Vorbereitung<\/h3>\n<p>Hier Bilder von der Zubereitung unserer Kaninchenpastete von Jean Claude<\/p>\n<div id=\"jig1\" class=\"justified-image-grid jig-ecf00c78c2091288ba7f0b73dd833664 jig-preset-global jig-source-wp-gallery\"><div class=\"jig-clearfix\"><\/div><noscript id=\"jig1-html\" class=\"justified-image-grid-html\" data-lazy-src=\"skiplazyload\" data-src=\"skipunveillazyload\"><ul><li><a href=\"https:\/\/www.chambredhotecarcassonne.com\/wp-content\/uploads\/2021\/10\/IMG_9110-1024x698.jpg\"><img decoding=\"async\" src=\"https:\/\/www.chambredhotecarcassonne.com\/wp-content\/plugins\/justified-image-grid\/timthumb.php?src=https%3A%2F%2Fwww.chambredhotecarcassonne.com%2Fwp-content%2Fuploads%2F2021%2F10%2FIMG_9110-1024x698.jpg&amp;h=120&amp;q=90&amp;f=.jpg\" alt=\"IMG_9110\" width=\"176\" height=\"120\" \/><\/a><p class=\"jig-HTMLdescription\">IMG_9110<\/p><\/li><li><a href=\"https:\/\/www.chambredhotecarcassonne.com\/wp-content\/uploads\/2021\/10\/IMG_9118-1024x554.jpg\"><img decoding=\"async\" src=\"https:\/\/www.chambredhotecarcassonne.com\/wp-content\/plugins\/justified-image-grid\/timthumb.php?src=https%3A%2F%2Fwww.chambredhotecarcassonne.com%2Fwp-content%2Fuploads%2F2021%2F10%2FIMG_9118-1024x554.jpg&amp;h=120&amp;q=90&amp;f=.jpg\" alt=\"IMG_9118\" width=\"221\" height=\"120\" \/><\/a><p class=\"jig-HTMLdescription\">IMG_9118<\/p><\/li><li><a href=\"https:\/\/www.chambredhotecarcassonne.com\/wp-content\/uploads\/2021\/10\/IMG_9122-1024x629.jpg\"><img decoding=\"async\" src=\"https:\/\/www.chambredhotecarcassonne.com\/wp-content\/plugins\/justified-image-grid\/timthumb.php?src=https%3A%2F%2Fwww.chambredhotecarcassonne.com%2Fwp-content%2Fuploads%2F2021%2F10%2FIMG_9122-1024x629.jpg&amp;h=120&amp;q=90&amp;f=.jpg\" alt=\"IMG_9122\" width=\"195\" height=\"120\" \/><\/a><p class=\"jig-HTMLdescription\">IMG_9122<\/p><\/li><li><a href=\"https:\/\/www.chambredhotecarcassonne.com\/wp-content\/uploads\/2021\/10\/IMG_9135-888x1024.jpg\"><img decoding=\"async\" src=\"https:\/\/www.chambredhotecarcassonne.com\/wp-content\/plugins\/justified-image-grid\/timthumb.php?src=https%3A%2F%2Fwww.chambredhotecarcassonne.com%2Fwp-content%2Fuploads%2F2021%2F10%2FIMG_9135-888x1024.jpg&amp;h=120&amp;q=90&amp;f=.jpg\" alt=\"IMG_9135\" width=\"104\" height=\"120\" \/><\/a><p class=\"jig-HTMLdescription\">IMG_9135<\/p><\/li><li><a href=\"https:\/\/www.chambredhotecarcassonne.com\/wp-content\/uploads\/2021\/10\/IMG_9132-1024x683.jpg\"><img decoding=\"async\" src=\"https:\/\/www.chambredhotecarcassonne.com\/wp-content\/plugins\/justified-image-grid\/timthumb.php?src=https%3A%2F%2Fwww.chambredhotecarcassonne.com%2Fwp-content%2Fuploads%2F2021%2F10%2FIMG_9132-1024x683.jpg&amp;h=120&amp;q=90&amp;f=.jpg\" alt=\"IMG_9132\" width=\"179\" height=\"120\" \/><\/a><p class=\"jig-HTMLdescription\">IMG_9132<\/p><\/li><li><a href=\"https:\/\/www.chambredhotecarcassonne.com\/wp-content\/uploads\/2021\/10\/IMG_9138-1024x666.jpg\"><img decoding=\"async\" src=\"https:\/\/www.chambredhotecarcassonne.com\/wp-content\/plugins\/justified-image-grid\/timthumb.php?src=https%3A%2F%2Fwww.chambredhotecarcassonne.com%2Fwp-content%2Fuploads%2F2021%2F10%2FIMG_9138-1024x666.jpg&amp;h=120&amp;q=90&amp;f=.jpg\" alt=\"IMG_9138\" width=\"184\" height=\"120\" \/><\/a><p class=\"jig-HTMLdescription\">IMG_9138<\/p><\/li><li><a href=\"https:\/\/www.chambredhotecarcassonne.com\/wp-content\/uploads\/2021\/10\/IMG_9148-1024x506.jpg\"><img decoding=\"async\" src=\"https:\/\/www.chambredhotecarcassonne.com\/wp-content\/plugins\/justified-image-grid\/timthumb.php?src=https%3A%2F%2Fwww.chambredhotecarcassonne.com%2Fwp-content%2Fuploads%2F2021%2F10%2FIMG_9148-1024x506.jpg&amp;h=120&amp;q=90&amp;f=.jpg\" alt=\"IMG_9148\" width=\"242\" height=\"120\" \/><\/a><p class=\"jig-HTMLdescription\">IMG_9148<\/p><\/li><li><a href=\"https:\/\/www.chambredhotecarcassonne.com\/wp-content\/uploads\/2021\/10\/IMG_9152-1024x683.jpg\"><img decoding=\"async\" src=\"https:\/\/www.chambredhotecarcassonne.com\/wp-content\/plugins\/justified-image-grid\/timthumb.php?src=https%3A%2F%2Fwww.chambredhotecarcassonne.com%2Fwp-content%2Fuploads%2F2021%2F10%2FIMG_9152-1024x683.jpg&amp;h=120&amp;q=90&amp;f=.jpg\" alt=\"IMG_9152\" width=\"179\" height=\"120\" \/><\/a><p class=\"jig-HTMLdescription\">IMG_9152<\/p><\/li><li><a href=\"https:\/\/www.chambredhotecarcassonne.com\/wp-content\/uploads\/2021\/10\/IMG_9180-1024x652.jpg\"><img decoding=\"async\" src=\"https:\/\/www.chambredhotecarcassonne.com\/wp-content\/plugins\/justified-image-grid\/timthumb.php?src=https%3A%2F%2Fwww.chambredhotecarcassonne.com%2Fwp-content%2Fuploads%2F2021%2F10%2FIMG_9180-1024x652.jpg&amp;h=120&amp;q=90&amp;f=.jpg\" alt=\"IMG_9180\" width=\"188\" height=\"120\" \/><\/a><p class=\"jig-HTMLdescription\">IMG_9180<\/p><\/li><li><a href=\"https:\/\/www.chambredhotecarcassonne.com\/wp-content\/uploads\/2021\/10\/IMG_9199-1024x626.jpg\"><img decoding=\"async\" src=\"https:\/\/www.chambredhotecarcassonne.com\/wp-content\/plugins\/justified-image-grid\/timthumb.php?src=https%3A%2F%2Fwww.chambredhotecarcassonne.com%2Fwp-content%2Fuploads%2F2021%2F10%2FIMG_9199-1024x626.jpg&amp;h=120&amp;q=90&amp;f=.jpg\" alt=\"IMG_9199\" width=\"196\" height=\"120\" \/><\/a><p class=\"jig-HTMLdescription\">IMG_9199<\/p><\/li><li><a href=\"https:\/\/www.chambredhotecarcassonne.com\/wp-content\/uploads\/2021\/10\/IMG_5232-1024x683.jpg\"><img decoding=\"async\" src=\"https:\/\/www.chambredhotecarcassonne.com\/wp-content\/plugins\/justified-image-grid\/timthumb.php?src=https%3A%2F%2Fwww.chambredhotecarcassonne.com%2Fwp-content%2Fuploads%2F2021%2F10%2FIMG_5232-1024x683.jpg&amp;h=120&amp;q=90&amp;f=.jpg\" alt=\"IMG_5232\" width=\"179\" height=\"120\" \/><\/a><p class=\"jig-HTMLdescription\">IMG_5232<\/p><\/li><li><a href=\"https:\/\/www.chambredhotecarcassonne.com\/wp-content\/uploads\/2021\/10\/IMG_5236-1024x595.jpg\"><img decoding=\"async\" src=\"https:\/\/www.chambredhotecarcassonne.com\/wp-content\/plugins\/justified-image-grid\/timthumb.php?src=https%3A%2F%2Fwww.chambredhotecarcassonne.com%2Fwp-content%2Fuploads%2F2021%2F10%2FIMG_5236-1024x595.jpg&amp;h=120&amp;q=90&amp;f=.jpg\" alt=\"IMG_5236\" width=\"206\" height=\"120\" \/><\/a><p class=\"jig-HTMLdescription\">IMG_5236<\/p><\/li><li><a href=\"https:\/\/www.chambredhotecarcassonne.com\/wp-content\/uploads\/2021\/10\/IMG_5239-1024x683.jpg\"><img decoding=\"async\" src=\"https:\/\/www.chambredhotecarcassonne.com\/wp-content\/plugins\/justified-image-grid\/timthumb.php?src=https%3A%2F%2Fwww.chambredhotecarcassonne.com%2Fwp-content%2Fuploads%2F2021%2F10%2FIMG_5239-1024x683.jpg&amp;h=120&amp;q=90&amp;f=.jpg\" alt=\"IMG_5239\" width=\"179\" height=\"120\" \/><\/a><p class=\"jig-HTMLdescription\">IMG_5239<\/p><\/li><li><a href=\"https:\/\/www.chambredhotecarcassonne.com\/wp-content\/uploads\/2021\/10\/IMG_5246-1024x683.jpg\"><img decoding=\"async\" src=\"https:\/\/www.chambredhotecarcassonne.com\/wp-content\/plugins\/justified-image-grid\/timthumb.php?src=https%3A%2F%2Fwww.chambredhotecarcassonne.com%2Fwp-content%2Fuploads%2F2021%2F10%2FIMG_5246-1024x683.jpg&amp;h=120&amp;q=90&amp;f=.jpg\" alt=\"IMG_5246\" width=\"179\" height=\"120\" \/><\/a><p class=\"jig-HTMLdescription\">IMG_5246<\/p><\/li><li><a href=\"https:\/\/www.chambredhotecarcassonne.com\/wp-content\/uploads\/2021\/10\/IMG_5255-1024x683.jpg\"><img decoding=\"async\" src=\"https:\/\/www.chambredhotecarcassonne.com\/wp-content\/plugins\/justified-image-grid\/timthumb.php?src=https%3A%2F%2Fwww.chambredhotecarcassonne.com%2Fwp-content%2Fuploads%2F2021%2F10%2FIMG_5255-1024x683.jpg&amp;h=120&amp;q=90&amp;f=.jpg\" alt=\"IMG_5255\" width=\"179\" height=\"120\" \/><\/a><p class=\"jig-HTMLdescription\">IMG_5255<\/p><\/li><li><a href=\"https:\/\/www.chambredhotecarcassonne.com\/wp-content\/uploads\/2021\/10\/IMG_5265-1024x683.jpg\"><img decoding=\"async\" src=\"https:\/\/www.chambredhotecarcassonne.com\/wp-content\/plugins\/justified-image-grid\/timthumb.php?src=https%3A%2F%2Fwww.chambredhotecarcassonne.com%2Fwp-content%2Fuploads%2F2021%2F10%2FIMG_5265-1024x683.jpg&amp;h=120&amp;q=90&amp;f=.jpg\" alt=\"IMG_5265\" width=\"179\" height=\"120\" \/><\/a><p class=\"jig-HTMLdescription\">IMG_5265<\/p><\/li><li><a href=\"https:\/\/www.chambredhotecarcassonne.com\/wp-content\/uploads\/2021\/10\/IMG_5268-1024x620.jpg\"><img decoding=\"async\" src=\"https:\/\/www.chambredhotecarcassonne.com\/wp-content\/plugins\/justified-image-grid\/timthumb.php?src=https%3A%2F%2Fwww.chambredhotecarcassonne.com%2Fwp-content%2Fuploads%2F2021%2F10%2FIMG_5268-1024x620.jpg&amp;h=120&amp;q=90&amp;f=.jpg\" alt=\"IMG_5268\" width=\"198\" height=\"120\" \/><\/a><p class=\"jig-HTMLdescription\">IMG_5268<\/p><\/li><li><a href=\"https:\/\/www.chambredhotecarcassonne.com\/wp-content\/uploads\/2021\/10\/IMG_5272-1024x683.jpg\"><img decoding=\"async\" src=\"https:\/\/www.chambredhotecarcassonne.com\/wp-content\/plugins\/justified-image-grid\/timthumb.php?src=https%3A%2F%2Fwww.chambredhotecarcassonne.com%2Fwp-content%2Fuploads%2F2021%2F10%2FIMG_5272-1024x683.jpg&amp;h=120&amp;q=90&amp;f=.jpg\" alt=\"IMG_5272\" width=\"179\" height=\"120\" \/><\/a><p class=\"jig-HTMLdescription\">IMG_5272<\/p><\/li><li><a href=\"https:\/\/www.chambredhotecarcassonne.com\/wp-content\/uploads\/2021\/10\/IMG_5273-1024x597.jpg\"><img decoding=\"async\" src=\"https:\/\/www.chambredhotecarcassonne.com\/wp-content\/plugins\/justified-image-grid\/timthumb.php?src=https%3A%2F%2Fwww.chambredhotecarcassonne.com%2Fwp-content%2Fuploads%2F2021%2F10%2FIMG_5273-1024x597.jpg&amp;h=120&amp;q=90&amp;f=.jpg\" alt=\"IMG_5273\" width=\"205\" height=\"120\" \/><\/a><p class=\"jig-HTMLdescription\">IMG_5273<\/p><\/li><li><a href=\"https:\/\/www.chambredhotecarcassonne.com\/wp-content\/uploads\/2021\/10\/IMG_5276-1024x655.jpg\"><img decoding=\"async\" src=\"https:\/\/www.chambredhotecarcassonne.com\/wp-content\/plugins\/justified-image-grid\/timthumb.php?src=https%3A%2F%2Fwww.chambredhotecarcassonne.com%2Fwp-content%2Fuploads%2F2021%2F10%2FIMG_5276-1024x655.jpg&amp;h=120&amp;q=90&amp;f=.jpg\" alt=\"IMG_5276\" width=\"187\" height=\"120\" \/><\/a><p class=\"jig-HTMLdescription\">IMG_5276<\/p><\/li><li><a href=\"https:\/\/www.chambredhotecarcassonne.com\/wp-content\/uploads\/2021\/10\/IMG_5284-1024x683.jpg\"><img decoding=\"async\" src=\"https:\/\/www.chambredhotecarcassonne.com\/wp-content\/plugins\/justified-image-grid\/timthumb.php?src=https%3A%2F%2Fwww.chambredhotecarcassonne.com%2Fwp-content%2Fuploads%2F2021%2F10%2FIMG_5284-1024x683.jpg&amp;h=120&amp;q=90&amp;f=.jpg\" alt=\"IMG_5284\" width=\"179\" height=\"120\" \/><\/a><p class=\"jig-HTMLdescription\">IMG_5284<\/p><\/li><li><a href=\"https:\/\/www.chambredhotecarcassonne.com\/wp-content\/uploads\/2021\/10\/IMG_5285-1024x683.jpg\"><img decoding=\"async\" src=\"https:\/\/www.chambredhotecarcassonne.com\/wp-content\/plugins\/justified-image-grid\/timthumb.php?src=https%3A%2F%2Fwww.chambredhotecarcassonne.com%2Fwp-content%2Fuploads%2F2021%2F10%2FIMG_5285-1024x683.jpg&amp;h=120&amp;q=90&amp;f=.jpg\" alt=\"IMG_5285\" width=\"179\" height=\"120\" \/><\/a><p class=\"jig-HTMLdescription\">IMG_5285<\/p><\/li><li><a href=\"https:\/\/www.chambredhotecarcassonne.com\/wp-content\/uploads\/2021\/10\/IMG_5295-683x1024.jpg\"><img decoding=\"async\" src=\"https:\/\/www.chambredhotecarcassonne.com\/wp-content\/plugins\/justified-image-grid\/timthumb.php?src=https%3A%2F%2Fwww.chambredhotecarcassonne.com%2Fwp-content%2Fuploads%2F2021%2F10%2FIMG_5295-683x1024.jpg&amp;h=120&amp;q=90&amp;f=.jpg\" alt=\"IMG_5295\" width=\"80\" height=\"120\" \/><\/a><p class=\"jig-HTMLdescription\">IMG_5295<\/p><\/li><li><a href=\"https:\/\/www.chambredhotecarcassonne.com\/wp-content\/uploads\/2021\/10\/IMG_5302-1024x683.jpg\"><img decoding=\"async\" src=\"https:\/\/www.chambredhotecarcassonne.com\/wp-content\/plugins\/justified-image-grid\/timthumb.php?src=https%3A%2F%2Fwww.chambredhotecarcassonne.com%2Fwp-content%2Fuploads%2F2021%2F10%2FIMG_5302-1024x683.jpg&amp;h=120&amp;q=90&amp;f=.jpg\" alt=\"IMG_5302\" width=\"179\" height=\"120\" \/><\/a><p class=\"jig-HTMLdescription\">IMG_5302<\/p><\/li><li><a href=\"https:\/\/www.chambredhotecarcassonne.com\/wp-content\/uploads\/2021\/10\/IMG_5305-1024x697.jpg\"><img decoding=\"async\" src=\"https:\/\/www.chambredhotecarcassonne.com\/wp-content\/plugins\/justified-image-grid\/timthumb.php?src=https%3A%2F%2Fwww.chambredhotecarcassonne.com%2Fwp-content%2Fuploads%2F2021%2F10%2FIMG_5305-1024x697.jpg&amp;h=120&amp;q=90&amp;f=.jpg\" alt=\"IMG_5305\" width=\"176\" height=\"120\" \/><\/a><p class=\"jig-HTMLdescription\">IMG_5305<\/p><\/li><li><a href=\"https:\/\/www.chambredhotecarcassonne.com\/wp-content\/uploads\/2021\/10\/IMG_5323-1024x683.jpg\"><img decoding=\"async\" src=\"https:\/\/www.chambredhotecarcassonne.com\/wp-content\/plugins\/justified-image-grid\/timthumb.php?src=https%3A%2F%2Fwww.chambredhotecarcassonne.com%2Fwp-content%2Fuploads%2F2021%2F10%2FIMG_5323-1024x683.jpg&amp;h=120&amp;q=90&amp;f=.jpg\" alt=\"IMG_5323\" width=\"179\" height=\"120\" \/><\/a><p class=\"jig-HTMLdescription\">IMG_5323<\/p><\/li><li><a href=\"https:\/\/www.chambredhotecarcassonne.com\/wp-content\/uploads\/2021\/10\/IMG_5335-1024x675.jpg\"><img decoding=\"async\" src=\"https:\/\/www.chambredhotecarcassonne.com\/wp-content\/plugins\/justified-image-grid\/timthumb.php?src=https%3A%2F%2Fwww.chambredhotecarcassonne.com%2Fwp-content%2Fuploads%2F2021%2F10%2FIMG_5335-1024x675.jpg&amp;h=120&amp;q=90&amp;f=.jpg\" alt=\"IMG_5335\" width=\"182\" height=\"120\" \/><\/a><p class=\"jig-HTMLdescription\">IMG_5335<\/p><\/li><li><a href=\"https:\/\/www.chambredhotecarcassonne.com\/wp-content\/uploads\/2021\/10\/IMG_5340-1024x650.jpg\"><img decoding=\"async\" src=\"https:\/\/www.chambredhotecarcassonne.com\/wp-content\/plugins\/justified-image-grid\/timthumb.php?src=https%3A%2F%2Fwww.chambredhotecarcassonne.com%2Fwp-content%2Fuploads%2F2021%2F10%2FIMG_5340-1024x650.jpg&amp;h=120&amp;q=90&amp;f=.jpg\" alt=\"IMG_5340\" width=\"189\" height=\"120\" \/><\/a><p class=\"jig-HTMLdescription\">IMG_5340<\/p><\/li><li><a href=\"https:\/\/www.chambredhotecarcassonne.com\/wp-content\/uploads\/2021\/10\/IMG_5350-1024x657.jpg\"><img decoding=\"async\" src=\"https:\/\/www.chambredhotecarcassonne.com\/wp-content\/plugins\/justified-image-grid\/timthumb.php?src=https%3A%2F%2Fwww.chambredhotecarcassonne.com%2Fwp-content%2Fuploads%2F2021%2F10%2FIMG_5350-1024x657.jpg&amp;h=120&amp;q=90&amp;f=.jpg\" alt=\"IMG_5350\" width=\"187\" height=\"120\" \/><\/a><p class=\"jig-HTMLdescription\">IMG_5350<\/p><\/li><li><a href=\"https:\/\/www.chambredhotecarcassonne.com\/wp-content\/uploads\/2021\/10\/IMG_5358-1024x591.jpg\"><img decoding=\"async\" src=\"https:\/\/www.chambredhotecarcassonne.com\/wp-content\/plugins\/justified-image-grid\/timthumb.php?src=https%3A%2F%2Fwww.chambredhotecarcassonne.com%2Fwp-content%2Fuploads%2F2021%2F10%2FIMG_5358-1024x591.jpg&amp;h=120&amp;q=90&amp;f=.jpg\" alt=\"IMG_5358\" width=\"207\" height=\"120\" \/><\/a><p class=\"jig-HTMLdescription\">IMG_5358<\/p><\/li><li><a href=\"https:\/\/www.chambredhotecarcassonne.com\/wp-content\/uploads\/2021\/10\/IMG_5361-1024x682.jpg\"><img decoding=\"async\" src=\"https:\/\/www.chambredhotecarcassonne.com\/wp-content\/plugins\/justified-image-grid\/timthumb.php?src=https%3A%2F%2Fwww.chambredhotecarcassonne.com%2Fwp-content%2Fuploads%2F2021%2F10%2FIMG_5361-1024x682.jpg&amp;h=120&amp;q=90&amp;f=.jpg\" alt=\"IMG_5361\" width=\"180\" height=\"120\" \/><\/a><p class=\"jig-HTMLdescription\">IMG_5361<\/p><\/li><li><a href=\"https:\/\/www.chambredhotecarcassonne.com\/wp-content\/uploads\/2021\/10\/IMG_5367-1024x683.jpg\"><img decoding=\"async\" src=\"https:\/\/www.chambredhotecarcassonne.com\/wp-content\/plugins\/justified-image-grid\/timthumb.php?src=https%3A%2F%2Fwww.chambredhotecarcassonne.com%2Fwp-content%2Fuploads%2F2021%2F10%2FIMG_5367-1024x683.jpg&amp;h=120&amp;q=90&amp;f=.jpg\" alt=\"IMG_5367\" width=\"179\" height=\"120\" \/><\/a><p class=\"jig-HTMLdescription\">IMG_5367<\/p><\/li><li><a href=\"https:\/\/www.chambredhotecarcassonne.com\/wp-content\/uploads\/2021\/10\/IMG_9207-1024x593.jpg\"><img decoding=\"async\" src=\"https:\/\/www.chambredhotecarcassonne.com\/wp-content\/plugins\/justified-image-grid\/timthumb.php?src=https%3A%2F%2Fwww.chambredhotecarcassonne.com%2Fwp-content%2Fuploads%2F2021%2F10%2FIMG_9207-1024x593.jpg&amp;h=120&amp;q=90&amp;f=.jpg\" alt=\"IMG_9207\" width=\"207\" height=\"120\" \/><\/a><p class=\"jig-HTMLdescription\">IMG_9207<\/p><\/li><li><a href=\"https:\/\/www.chambredhotecarcassonne.com\/wp-content\/uploads\/2021\/10\/IMG_9206-1024x634.jpg\"><img decoding=\"async\" src=\"https:\/\/www.chambredhotecarcassonne.com\/wp-content\/plugins\/justified-image-grid\/timthumb.php?src=https%3A%2F%2Fwww.chambredhotecarcassonne.com%2Fwp-content%2Fuploads%2F2021%2F10%2FIMG_9206-1024x634.jpg&amp;h=120&amp;q=90&amp;f=.jpg\" alt=\"IMG_9206\" width=\"193\" height=\"120\" \/><\/a><p class=\"jig-HTMLdescription\">IMG_9206<\/p><\/li><\/ul><\/noscript><\/div>\n<\/div><\/div><\/div><\/div><\/div>\n","protected":false},"excerpt":{"rendered":"<p>Kaninchenterrine: Ein Klassiker von La Belle Minervoise<\/p>\n","protected":false},"featured_media":2913,"template":"","meta":{"_monsterinsights_skip_tracking":false,"_monsterinsights_sitenote_active":false,"_monsterinsights_sitenote_note":"","_monsterinsights_sitenote_category":0},"product_brand":[],"product_cat":[61],"product_tag":[],"class_list":{"0":"post-3818","1":"product","2":"type-product","3":"status-publish","4":"has-post-thumbnail","6":"product_cat-gastronomie-de","8":"first","9":"instock","10":"featured","11":"shipping-taxable","12":"purchasable","13":"product-type-simple"},"aioseo_notices":[],"_links":{"self":[{"href":"https:\/\/www.chambredhotecarcassonne.com\/de\/wp-json\/wp\/v2\/product\/3818","targetHints":{"allow":["GET"]}}],"collection":[{"href":"https:\/\/www.chambredhotecarcassonne.com\/de\/wp-json\/wp\/v2\/product"}],"about":[{"href":"https:\/\/www.chambredhotecarcassonne.com\/de\/wp-json\/wp\/v2\/types\/product"}],"wp:featuredmedia":[{"embeddable":true,"href":"https:\/\/www.chambredhotecarcassonne.com\/de\/wp-json\/wp\/v2\/media\/2913"}],"wp:attachment":[{"href":"https:\/\/www.chambredhotecarcassonne.com\/de\/wp-json\/wp\/v2\/media?parent=3818"}],"wp:term":[{"taxonomy":"product_brand","embeddable":true,"href":"https:\/\/www.chambredhotecarcassonne.com\/de\/wp-json\/wp\/v2\/product_brand?post=3818"},{"taxonomy":"product_cat","embeddable":true,"href":"https:\/\/www.chambredhotecarcassonne.com\/de\/wp-json\/wp\/v2\/product_cat?post=3818"},{"taxonomy":"product_tag","embeddable":true,"href":"https:\/\/www.chambredhotecarcassonne.com\/de\/wp-json\/wp\/v2\/product_tag?post=3818"}],"curies":[{"name":"wp","href":"https:\/\/api.w.org\/{rel}","templated":true}]}}