{"id":3722,"date":"2020-10-24T12:51:19","date_gmt":"2020-10-24T10:51:19","guid":{"rendered":"https:\/\/www.chambredhotecarcassonne.com\/produit\/clots-de-pals\/"},"modified":"2022-03-28T11:23:43","modified_gmt":"2022-03-28T09:23:43","slug":"clots-de-pals","status":"publish","type":"product","link":"https:\/\/www.chambredhotecarcassonne.com\/es\/produit\/clots-de-pals\/","title":{"rendered":"Clots de Pals"},"content":{"rendered":"<div class=\"fusion-fullwidth fullwidth-box fusion-builder-row-1 fusion-flex-container nonhundred-percent-fullwidth non-hundred-percent-height-scrolling\" style=\"--awb-border-radius-top-left:0px;--awb-border-radius-top-right:0px;--awb-border-radius-bottom-right:0px;--awb-border-radius-bottom-left:0px;--awb-flex-wrap:wrap;\" ><div class=\"fusion-builder-row fusion-row fusion-flex-align-items-flex-start fusion-flex-content-wrap\" style=\"max-width:1248px;margin-left: calc(-4% \/ 2 );margin-right: calc(-4% \/ 2 );\"><div class=\"fusion-layout-column fusion_builder_column fusion-builder-column-0 fusion_builder_column_1_1 1_1 fusion-flex-column\" style=\"--awb-bg-size:cover;--awb-width-large:100%;--awb-margin-top-large:0px;--awb-spacing-right-large:1.92%;--awb-margin-bottom-large:0px;--awb-spacing-left-large:1.92%;--awb-width-medium:100%;--awb-spacing-right-medium:1.92%;--awb-spacing-left-medium:1.92%;--awb-width-small:100%;--awb-spacing-right-small:1.92%;--awb-spacing-left-small:1.92%;\"><div class=\"fusion-column-wrapper fusion-flex-justify-content-flex-start fusion-content-layout-column\"><div class=\"fusion-text fusion-text-1\" style=\"--awb-text-transform:none;\"><p>Vino org\u00e1nico. Para disfrutar ahora pero con un potencial de 3 o 4 a\u00f1os de crianza<br \/>\nEl Domaine des Homs en Agricultura Ecol\u00f3gica de 20 hect\u00e1reas ha pertenecido a la familia Crozals durante tres generaciones.<\/p>\n<h3 class=\"fusion-woocommerce-tab-title\">Variedad de uvas :<\/h3>\n<p>85 % Grenache, 15% Syrah<\/p>\n<h3 class=\"fusion-woocommerce-tab-title\">peso y cantidad<\/h3>\n<p>1.4kg ; 0.75 L<\/p>\n<\/div><div class=\"fusion-text fusion-text-2\"><h3 class=\"fusion-woocommerce-tab-title\">Productor<\/h3>\n<p>Aqu\u00ed hay algunas im\u00e1genes tomadas de nuestra \u00faltima visita al en\u00f3logo Jean-Marc de Crozals del <strong>Domaine des Homs<\/strong> que elabora nuestros Clots de Pals:<\/p>\n<\/div><div class=\"fusion-text fusion-text-3\"><div id=\"jig1\" class=\"justified-image-grid jig-94eb4c2c88a539eb6bf39eeb4d582748 jig-preset-global jig-source-wp-gallery\"><div class=\"jig-clearfix\"><\/div><noscript id=\"jig1-html\" class=\"justified-image-grid-html\" data-lazy-src=\"skiplazyload\" data-src=\"skipunveillazyload\"><ul><li><a href=\"https:\/\/www.chambredhotecarcassonne.com\/wp-content\/uploads\/2021\/10\/pano-homs-crop-treated-1024x271.jpg\"><img decoding=\"async\" src=\"https:\/\/www.chambredhotecarcassonne.com\/wp-content\/plugins\/justified-image-grid\/timthumb.php?src=https%3A%2F%2Fwww.chambredhotecarcassonne.com%2Fwp-content%2Fuploads%2F2021%2F10%2Fpano-homs-crop-treated-1024x271.jpg&amp;h=240&amp;q=90&amp;f=.jpg\" alt=\"pano-homs-crop-treated\" width=\"906\" height=\"240\" \/><\/a><p class=\"jig-HTMLdescription\">pano-homs-crop-treated<\/p><\/li><\/ul><\/noscript><\/div>\n<\/div><div class=\"fusion-text fusion-text-4\"><div id=\"jig2\" class=\"justified-image-grid jig-5e5a0dbaa27aae5c491670add47f91e0 jig-preset-global jig-source-wp-gallery\"><div class=\"jig-clearfix\"><\/div><noscript id=\"jig2-html\" class=\"justified-image-grid-html\" data-lazy-src=\"skiplazyload\" data-src=\"skipunveillazyload\"><ul><li><a href=\"https:\/\/www.chambredhotecarcassonne.com\/wp-content\/uploads\/2021\/10\/IMG_9723-1024x655.jpg\"><img decoding=\"async\" src=\"https:\/\/www.chambredhotecarcassonne.com\/wp-content\/plugins\/justified-image-grid\/timthumb.php?src=https%3A%2F%2Fwww.chambredhotecarcassonne.com%2Fwp-content%2Fuploads%2F2021%2F10%2FIMG_9723-1024x655.jpg&amp;h=125&amp;q=90&amp;f=.jpg\" alt=\"IMG_9723\" width=\"195\" height=\"125\" \/><\/a><p class=\"jig-HTMLdescription\">IMG_9723<\/p><\/li><li><a href=\"https:\/\/www.chambredhotecarcassonne.com\/wp-content\/uploads\/2021\/10\/IMG_9639-683x1024.jpg\"><img decoding=\"async\" src=\"https:\/\/www.chambredhotecarcassonne.com\/wp-content\/plugins\/justified-image-grid\/timthumb.php?src=https%3A%2F%2Fwww.chambredhotecarcassonne.com%2Fwp-content%2Fuploads%2F2021%2F10%2FIMG_9639-683x1024.jpg&amp;h=125&amp;q=90&amp;f=.jpg\" alt=\"IMG_9639\" width=\"83\" height=\"125\" \/><\/a><p class=\"jig-HTMLdescription\">IMG_9639<\/p><\/li><li><a href=\"https:\/\/www.chambredhotecarcassonne.com\/wp-content\/uploads\/2021\/10\/IMG_9641-1024x940.jpg\"><img decoding=\"async\" src=\"https:\/\/www.chambredhotecarcassonne.com\/wp-content\/plugins\/justified-image-grid\/timthumb.php?src=https%3A%2F%2Fwww.chambredhotecarcassonne.com%2Fwp-content%2Fuploads%2F2021%2F10%2FIMG_9641-1024x940.jpg&amp;h=125&amp;q=90&amp;f=.jpg\" alt=\"IMG_9641\" width=\"136\" height=\"125\" \/><\/a><p class=\"jig-HTMLdescription\">IMG_9641<\/p><\/li><li><a href=\"https:\/\/www.chambredhotecarcassonne.com\/wp-content\/uploads\/2021\/10\/IMG_9644-1024x683.jpg\"><img decoding=\"async\" src=\"https:\/\/www.chambredhotecarcassonne.com\/wp-content\/plugins\/justified-image-grid\/timthumb.php?src=https%3A%2F%2Fwww.chambredhotecarcassonne.com%2Fwp-content%2Fuploads%2F2021%2F10%2FIMG_9644-1024x683.jpg&amp;h=125&amp;q=90&amp;f=.jpg\" alt=\"IMG_9644\" width=\"187\" height=\"125\" \/><\/a><p class=\"jig-HTMLdescription\">IMG_9644<\/p><\/li><li><a href=\"https:\/\/www.chambredhotecarcassonne.com\/wp-content\/uploads\/2021\/10\/IMG_9679-1024x560.jpg\"><img decoding=\"async\" src=\"https:\/\/www.chambredhotecarcassonne.com\/wp-content\/plugins\/justified-image-grid\/timthumb.php?src=https%3A%2F%2Fwww.chambredhotecarcassonne.com%2Fwp-content%2Fuploads%2F2021%2F10%2FIMG_9679-1024x560.jpg&amp;h=125&amp;q=90&amp;f=.jpg\" alt=\"IMG_9679\" width=\"228\" height=\"125\" \/><\/a><p class=\"jig-HTMLdescription\">IMG_9679<\/p><\/li><li><a href=\"https:\/\/www.chambredhotecarcassonne.com\/wp-content\/uploads\/2021\/10\/IMG_9684-1024x683.jpg\"><img decoding=\"async\" src=\"https:\/\/www.chambredhotecarcassonne.com\/wp-content\/plugins\/justified-image-grid\/timthumb.php?src=https%3A%2F%2Fwww.chambredhotecarcassonne.com%2Fwp-content%2Fuploads%2F2021%2F10%2FIMG_9684-1024x683.jpg&amp;h=125&amp;q=90&amp;f=.jpg\" alt=\"IMG_9684\" width=\"187\" height=\"125\" \/><\/a><p class=\"jig-HTMLdescription\">IMG_9684<\/p><\/li><li><a href=\"https:\/\/www.chambredhotecarcassonne.com\/wp-content\/uploads\/2021\/10\/IMG_9693-1024x653.jpg\"><img decoding=\"async\" src=\"https:\/\/www.chambredhotecarcassonne.com\/wp-content\/plugins\/justified-image-grid\/timthumb.php?src=https%3A%2F%2Fwww.chambredhotecarcassonne.com%2Fwp-content%2Fuploads%2F2021%2F10%2FIMG_9693-1024x653.jpg&amp;h=125&amp;q=90&amp;f=.jpg\" alt=\"IMG_9693\" width=\"196\" height=\"125\" \/><\/a><p class=\"jig-HTMLdescription\">IMG_9693<\/p><\/li><li><a href=\"https:\/\/www.chambredhotecarcassonne.com\/wp-content\/uploads\/2021\/10\/IMG_9700-1024x604.jpg\"><img decoding=\"async\" src=\"https:\/\/www.chambredhotecarcassonne.com\/wp-content\/plugins\/justified-image-grid\/timthumb.php?src=https%3A%2F%2Fwww.chambredhotecarcassonne.com%2Fwp-content%2Fuploads%2F2021%2F10%2FIMG_9700-1024x604.jpg&amp;h=125&amp;q=90&amp;f=.jpg\" alt=\"IMG_9700\" width=\"211\" height=\"125\" \/><\/a><p class=\"jig-HTMLdescription\">IMG_9700<\/p><\/li><li><a href=\"https:\/\/www.chambredhotecarcassonne.com\/wp-content\/uploads\/2021\/10\/IMG_9702-1024x622.jpg\"><img decoding=\"async\" src=\"https:\/\/www.chambredhotecarcassonne.com\/wp-content\/plugins\/justified-image-grid\/timthumb.php?src=https%3A%2F%2Fwww.chambredhotecarcassonne.com%2Fwp-content%2Fuploads%2F2021%2F10%2FIMG_9702-1024x622.jpg&amp;h=125&amp;q=90&amp;f=.jpg\" alt=\"IMG_9702\" width=\"205\" height=\"125\" \/><\/a><p class=\"jig-HTMLdescription\">IMG_9702<\/p><\/li><li><a href=\"https:\/\/www.chambredhotecarcassonne.com\/wp-content\/uploads\/2021\/10\/IMG_9713-1024x683.jpg\"><img decoding=\"async\" src=\"https:\/\/www.chambredhotecarcassonne.com\/wp-content\/plugins\/justified-image-grid\/timthumb.php?src=https%3A%2F%2Fwww.chambredhotecarcassonne.com%2Fwp-content%2Fuploads%2F2021%2F10%2FIMG_9713-1024x683.jpg&amp;h=125&amp;q=90&amp;f=.jpg\" alt=\"IMG_9713\" width=\"187\" height=\"125\" \/><\/a><p class=\"jig-HTMLdescription\">IMG_9713<\/p><\/li><li><a href=\"https:\/\/www.chambredhotecarcassonne.com\/wp-content\/uploads\/2021\/10\/IMG_9716-1024x683.jpg\"><img decoding=\"async\" src=\"https:\/\/www.chambredhotecarcassonne.com\/wp-content\/plugins\/justified-image-grid\/timthumb.php?src=https%3A%2F%2Fwww.chambredhotecarcassonne.com%2Fwp-content%2Fuploads%2F2021%2F10%2FIMG_9716-1024x683.jpg&amp;h=125&amp;q=90&amp;f=.jpg\" alt=\"IMG_9716\" width=\"187\" height=\"125\" \/><\/a><p class=\"jig-HTMLdescription\">IMG_9716<\/p><\/li><li><a href=\"https:\/\/www.chambredhotecarcassonne.com\/wp-content\/uploads\/2021\/10\/IMG_9724-1024x590.jpg\"><img decoding=\"async\" src=\"https:\/\/www.chambredhotecarcassonne.com\/wp-content\/plugins\/justified-image-grid\/timthumb.php?src=https%3A%2F%2Fwww.chambredhotecarcassonne.com%2Fwp-content%2Fuploads%2F2021%2F10%2FIMG_9724-1024x590.jpg&amp;h=125&amp;q=90&amp;f=.jpg\" alt=\"IMG_9724\" width=\"216\" height=\"125\" \/><\/a><p class=\"jig-HTMLdescription\">IMG_9724<\/p><\/li><li><a href=\"https:\/\/www.chambredhotecarcassonne.com\/wp-content\/uploads\/2021\/10\/IMG_9720-683x1024.jpg\"><img decoding=\"async\" src=\"https:\/\/www.chambredhotecarcassonne.com\/wp-content\/plugins\/justified-image-grid\/timthumb.php?src=https%3A%2F%2Fwww.chambredhotecarcassonne.com%2Fwp-content%2Fuploads%2F2021%2F10%2FIMG_9720-683x1024.jpg&amp;h=125&amp;q=90&amp;f=.jpg\" alt=\"IMG_9720\" width=\"83\" height=\"125\" \/><\/a><p class=\"jig-HTMLdescription\">IMG_9720<\/p><\/li><\/ul><\/noscript><\/div>\n<\/div><div class=\"fusion-text fusion-text-5\" style=\"--awb-text-transform:none;--awb-margin-top:30px;\"><p><strong>EL ABUSO DE ALCOHOL ES PELIGROSO PARA LA SALUD. CONSUMIR CON MODERACI\u00d3N.<\/strong><\/p>\n<\/div><\/div><\/div><\/div><\/div>\n","protected":false},"excerpt":{"rendered":"<p><strong>Variedad de uvas :<\/strong> 85 % Grenache, 15% Syrah<\/p>\n","protected":false},"featured_media":3111,"template":"","meta":{"_monsterinsights_skip_tracking":false,"_monsterinsights_sitenote_active":false,"_monsterinsights_sitenote_note":"","_monsterinsights_sitenote_category":0},"product_brand":[],"product_cat":[65,67],"product_tag":[],"class_list":{"0":"post-3722","1":"product","2":"type-product","3":"status-publish","4":"has-post-thumbnail","6":"product_cat-gastronomia","7":"product_cat-vino","9":"first","10":"instock","11":"shipping-taxable","12":"purchasable","13":"product-type-simple"},"aioseo_notices":[],"_links":{"self":[{"href":"https:\/\/www.chambredhotecarcassonne.com\/es\/wp-json\/wp\/v2\/product\/3722","targetHints":{"allow":["GET"]}}],"collection":[{"href":"https:\/\/www.chambredhotecarcassonne.com\/es\/wp-json\/wp\/v2\/product"}],"about":[{"href":"https:\/\/www.chambredhotecarcassonne.com\/es\/wp-json\/wp\/v2\/types\/product"}],"wp:featuredmedia":[{"embeddable":true,"href":"https:\/\/www.chambredhotecarcassonne.com\/es\/wp-json\/wp\/v2\/media\/3111"}],"wp:attachment":[{"href":"https:\/\/www.chambredhotecarcassonne.com\/es\/wp-json\/wp\/v2\/media?parent=3722"}],"wp:term":[{"taxonomy":"product_brand","embeddable":true,"href":"https:\/\/www.chambredhotecarcassonne.com\/es\/wp-json\/wp\/v2\/product_brand?post=3722"},{"taxonomy":"product_cat","embeddable":true,"href":"https:\/\/www.chambredhotecarcassonne.com\/es\/wp-json\/wp\/v2\/product_cat?post=3722"},{"taxonomy":"product_tag","embeddable":true,"href":"https:\/\/www.chambredhotecarcassonne.com\/es\/wp-json\/wp\/v2\/product_tag?post=3722"}],"curies":[{"name":"wp","href":"https:\/\/api.w.org\/{rel}","templated":true}]}}