{"id":3740,"date":"2021-10-01T17:10:45","date_gmt":"2021-10-01T15:10:45","guid":{"rendered":"https:\/\/www.chambredhotecarcassonne.com\/produit\/cassoulet\/"},"modified":"2022-03-28T11:47:11","modified_gmt":"2022-03-28T09:47:11","slug":"cassoulet","status":"publish","type":"product","link":"https:\/\/www.chambredhotecarcassonne.com\/es\/produit\/cassoulet\/","title":{"rendered":"Cassoulet"},"content":{"rendered":"<div class=\"fusion-fullwidth fullwidth-box fusion-builder-row-1 fusion-flex-container nonhundred-percent-fullwidth non-hundred-percent-height-scrolling\" style=\"--awb-border-radius-top-left:0px;--awb-border-radius-top-right:0px;--awb-border-radius-bottom-right:0px;--awb-border-radius-bottom-left:0px;--awb-flex-wrap:wrap;\" ><div class=\"fusion-builder-row fusion-row fusion-flex-align-items-flex-start fusion-flex-content-wrap\" style=\"max-width:1248px;margin-left: calc(-4% \/ 2 );margin-right: calc(-4% \/ 2 );\"><div class=\"fusion-layout-column fusion_builder_column fusion-builder-column-0 fusion_builder_column_1_1 1_1 fusion-flex-column\" style=\"--awb-bg-size:cover;--awb-width-large:100%;--awb-margin-top-large:0px;--awb-spacing-right-large:1.92%;--awb-margin-bottom-large:0px;--awb-spacing-left-large:1.92%;--awb-width-medium:100%;--awb-spacing-right-medium:1.92%;--awb-spacing-left-medium:1.92%;--awb-width-small:100%;--awb-spacing-right-small:1.92%;--awb-spacing-left-small:1.92%;\"><div class=\"fusion-column-wrapper fusion-flex-justify-content-flex-start fusion-content-layout-column\"><div class=\"fusion-text fusion-text-1\" style=\"--awb-text-transform:none;\"><p>Jean-Claude, miembro de la hermandad Universal Cassoulet de Carcassonne, prepara la cassoulet con el mayor cuidado para hacerle descubrir o redescubrir los sabores de un plato regional tantas veces abusado. Se presenta en bote Le Parfait, para 2 personas.<\/p>\n<h3 class=\"fusion-woocommerce-tab-title\">Preparaci\u00f3n:<\/h3>\n<p>Jud\u00edas Lauragais, salchicha de Toulouse, pato confitado<br \/>\nInformaci\u00f3n: producto esterilizado para ser almacenado en un lugar fresco y seco. Para una degustaci\u00f3n exitosa, vierta el contenido en una cacerola y p\u00f3ngalo en el horno a 200\u00b0 durante unos 20 minutos. Si no hay suficiente jugo, agregue un poco de agua o mejor a\u00fan un poco de caldo de carne.<\/p>\n<h3 class=\"fusion-woocommerce-tab-title\">Peso y cantidad<\/h3>\n<p>1.750 kg brutos para un peso neto de 1 kg<\/p>\n<\/div><div class=\"fusion-text fusion-text-2\" style=\"--awb-text-transform:none;\"><h3 class=\"fusion-woocommerce-tab-title\">En fotos<\/h3>\n<p>Aqu\u00ed hay im\u00e1genes de la preparaci\u00f3n de nuestros Cassoulets por Jean Claude<\/p>\n<div id=\"jig1\" class=\"justified-image-grid jig-f58f391b72d78af220d0a3a1492c2d39 jig-preset-global jig-source-wp-gallery\"><div class=\"jig-clearfix\"><\/div><noscript id=\"jig1-html\" class=\"justified-image-grid-html\" data-lazy-src=\"skiplazyload\" data-src=\"skipunveillazyload\"><ul><li><a href=\"https:\/\/www.chambredhotecarcassonne.com\/wp-content\/uploads\/2021\/10\/IMG_9340_1-1024x683.jpg\"><img decoding=\"async\" src=\"https:\/\/www.chambredhotecarcassonne.com\/wp-content\/plugins\/justified-image-grid\/timthumb.php?src=https%3A%2F%2Fwww.chambredhotecarcassonne.com%2Fwp-content%2Fuploads%2F2021%2F10%2FIMG_9340_1-1024x683.jpg&amp;h=120&amp;q=90&amp;f=.jpg\" alt=\"IMG_9340_1\" width=\"179\" height=\"120\" \/><\/a><p class=\"jig-HTMLdescription\">IMG_9340_1<\/p><\/li><li><a href=\"https:\/\/www.chambredhotecarcassonne.com\/wp-content\/uploads\/2021\/10\/IMG_9332-1024x683.jpg\"><img decoding=\"async\" src=\"https:\/\/www.chambredhotecarcassonne.com\/wp-content\/plugins\/justified-image-grid\/timthumb.php?src=https%3A%2F%2Fwww.chambredhotecarcassonne.com%2Fwp-content%2Fuploads%2F2021%2F10%2FIMG_9332-1024x683.jpg&amp;h=120&amp;q=90&amp;f=.jpg\" alt=\"IMG_9332\" width=\"179\" height=\"120\" \/><\/a><p class=\"jig-HTMLdescription\">IMG_9332<\/p><\/li><li><a href=\"https:\/\/www.chambredhotecarcassonne.com\/wp-content\/uploads\/2021\/10\/IMG_9335-1024x683.jpg\"><img decoding=\"async\" src=\"https:\/\/www.chambredhotecarcassonne.com\/wp-content\/plugins\/justified-image-grid\/timthumb.php?src=https%3A%2F%2Fwww.chambredhotecarcassonne.com%2Fwp-content%2Fuploads%2F2021%2F10%2FIMG_9335-1024x683.jpg&amp;h=120&amp;q=90&amp;f=.jpg\" alt=\"IMG_9335\" width=\"179\" height=\"120\" \/><\/a><p class=\"jig-HTMLdescription\">IMG_9335<\/p><\/li><li><a href=\"https:\/\/www.chambredhotecarcassonne.com\/wp-content\/uploads\/2021\/10\/IMG_9339-1024x683.jpg\"><img decoding=\"async\" src=\"https:\/\/www.chambredhotecarcassonne.com\/wp-content\/plugins\/justified-image-grid\/timthumb.php?src=https%3A%2F%2Fwww.chambredhotecarcassonne.com%2Fwp-content%2Fuploads%2F2021%2F10%2FIMG_9339-1024x683.jpg&amp;h=120&amp;q=90&amp;f=.jpg\" alt=\"IMG_9339\" width=\"179\" height=\"120\" \/><\/a><p class=\"jig-HTMLdescription\">IMG_9339<\/p><\/li><li><a href=\"https:\/\/www.chambredhotecarcassonne.com\/wp-content\/uploads\/2021\/10\/IMG_9342-1024x683.jpg\"><img decoding=\"async\" src=\"https:\/\/www.chambredhotecarcassonne.com\/wp-content\/plugins\/justified-image-grid\/timthumb.php?src=https%3A%2F%2Fwww.chambredhotecarcassonne.com%2Fwp-content%2Fuploads%2F2021%2F10%2FIMG_9342-1024x683.jpg&amp;h=120&amp;q=90&amp;f=.jpg\" alt=\"IMG_9342\" width=\"179\" height=\"120\" \/><\/a><p class=\"jig-HTMLdescription\">IMG_9342<\/p><\/li><li><a href=\"https:\/\/www.chambredhotecarcassonne.com\/wp-content\/uploads\/2021\/10\/IMG_9343-1024x683.jpg\"><img decoding=\"async\" src=\"https:\/\/www.chambredhotecarcassonne.com\/wp-content\/plugins\/justified-image-grid\/timthumb.php?src=https%3A%2F%2Fwww.chambredhotecarcassonne.com%2Fwp-content%2Fuploads%2F2021%2F10%2FIMG_9343-1024x683.jpg&amp;h=120&amp;q=90&amp;f=.jpg\" alt=\"IMG_9343\" width=\"179\" height=\"120\" \/><\/a><p class=\"jig-HTMLdescription\">IMG_9343<\/p><\/li><li><a href=\"https:\/\/www.chambredhotecarcassonne.com\/wp-content\/uploads\/2021\/10\/IMG_9352-683x1024.jpg\"><img decoding=\"async\" src=\"https:\/\/www.chambredhotecarcassonne.com\/wp-content\/plugins\/justified-image-grid\/timthumb.php?src=https%3A%2F%2Fwww.chambredhotecarcassonne.com%2Fwp-content%2Fuploads%2F2021%2F10%2FIMG_9352-683x1024.jpg&amp;h=120&amp;q=90&amp;f=.jpg\" alt=\"IMG_9352\" width=\"80\" height=\"120\" \/><\/a><p class=\"jig-HTMLdescription\">IMG_9352<\/p><\/li><li><a href=\"https:\/\/www.chambredhotecarcassonne.com\/wp-content\/uploads\/2021\/10\/IMG_9355-1024x683.jpg\"><img decoding=\"async\" src=\"https:\/\/www.chambredhotecarcassonne.com\/wp-content\/plugins\/justified-image-grid\/timthumb.php?src=https%3A%2F%2Fwww.chambredhotecarcassonne.com%2Fwp-content%2Fuploads%2F2021%2F10%2FIMG_9355-1024x683.jpg&amp;h=120&amp;q=90&amp;f=.jpg\" alt=\"IMG_9355\" width=\"179\" height=\"120\" \/><\/a><p class=\"jig-HTMLdescription\">IMG_9355<\/p><\/li><li><a href=\"https:\/\/www.chambredhotecarcassonne.com\/wp-content\/uploads\/2021\/10\/IMG_5607-1024x683.jpg\"><img decoding=\"async\" src=\"https:\/\/www.chambredhotecarcassonne.com\/wp-content\/plugins\/justified-image-grid\/timthumb.php?src=https%3A%2F%2Fwww.chambredhotecarcassonne.com%2Fwp-content%2Fuploads%2F2021%2F10%2FIMG_5607-1024x683.jpg&amp;h=120&amp;q=90&amp;f=.jpg\" alt=\"IMG_5607\" width=\"179\" height=\"120\" \/><\/a><p class=\"jig-HTMLdescription\">IMG_5607<\/p><\/li><li><a href=\"https:\/\/www.chambredhotecarcassonne.com\/wp-content\/uploads\/2021\/10\/IMG_5619-683x1024.jpg\"><img decoding=\"async\" src=\"https:\/\/www.chambredhotecarcassonne.com\/wp-content\/plugins\/justified-image-grid\/timthumb.php?src=https%3A%2F%2Fwww.chambredhotecarcassonne.com%2Fwp-content%2Fuploads%2F2021%2F10%2FIMG_5619-683x1024.jpg&amp;h=120&amp;q=90&amp;f=.jpg\" alt=\"IMG_5619\" width=\"80\" height=\"120\" \/><\/a><p class=\"jig-HTMLdescription\">IMG_5619<\/p><\/li><li><a href=\"https:\/\/www.chambredhotecarcassonne.com\/wp-content\/uploads\/2021\/10\/IMG_5613-1024x683.jpg\"><img decoding=\"async\" src=\"https:\/\/www.chambredhotecarcassonne.com\/wp-content\/plugins\/justified-image-grid\/timthumb.php?src=https%3A%2F%2Fwww.chambredhotecarcassonne.com%2Fwp-content%2Fuploads%2F2021%2F10%2FIMG_5613-1024x683.jpg&amp;h=120&amp;q=90&amp;f=.jpg\" alt=\"IMG_5613\" width=\"179\" height=\"120\" \/><\/a><p class=\"jig-HTMLdescription\">IMG_5613<\/p><\/li><li><a href=\"https:\/\/www.chambredhotecarcassonne.com\/wp-content\/uploads\/2021\/10\/IMG_9357-1024x571.jpg\"><img decoding=\"async\" src=\"https:\/\/www.chambredhotecarcassonne.com\/wp-content\/plugins\/justified-image-grid\/timthumb.php?src=https%3A%2F%2Fwww.chambredhotecarcassonne.com%2Fwp-content%2Fuploads%2F2021%2F10%2FIMG_9357-1024x571.jpg&amp;h=120&amp;q=90&amp;f=.jpg\" alt=\"IMG_9357\" width=\"215\" height=\"120\" \/><\/a><p class=\"jig-HTMLdescription\">IMG_9357<\/p><\/li><li><a href=\"https:\/\/www.chambredhotecarcassonne.com\/wp-content\/uploads\/2021\/10\/IMG_9347-1024x683.jpg\"><img decoding=\"async\" src=\"https:\/\/www.chambredhotecarcassonne.com\/wp-content\/plugins\/justified-image-grid\/timthumb.php?src=https%3A%2F%2Fwww.chambredhotecarcassonne.com%2Fwp-content%2Fuploads%2F2021%2F10%2FIMG_9347-1024x683.jpg&amp;h=120&amp;q=90&amp;f=.jpg\" alt=\"IMG_9347\" width=\"179\" height=\"120\" \/><\/a><p class=\"jig-HTMLdescription\">IMG_9347<\/p><\/li><li><a href=\"https:\/\/www.chambredhotecarcassonne.com\/wp-content\/uploads\/2021\/10\/IMG_9361-1024x558.jpg\"><img decoding=\"async\" src=\"https:\/\/www.chambredhotecarcassonne.com\/wp-content\/plugins\/justified-image-grid\/timthumb.php?src=https%3A%2F%2Fwww.chambredhotecarcassonne.com%2Fwp-content%2Fuploads%2F2021%2F10%2FIMG_9361-1024x558.jpg&amp;h=120&amp;q=90&amp;f=.jpg\" alt=\"IMG_9361\" width=\"220\" height=\"120\" \/><\/a><p class=\"jig-HTMLdescription\">IMG_9361<\/p><\/li><li><a href=\"https:\/\/www.chambredhotecarcassonne.com\/wp-content\/uploads\/2021\/10\/IMG_9367-1024x661.jpg\"><img decoding=\"async\" src=\"https:\/\/www.chambredhotecarcassonne.com\/wp-content\/plugins\/justified-image-grid\/timthumb.php?src=https%3A%2F%2Fwww.chambredhotecarcassonne.com%2Fwp-content%2Fuploads%2F2021%2F10%2FIMG_9367-1024x661.jpg&amp;h=120&amp;q=90&amp;f=.jpg\" alt=\"IMG_9367\" width=\"185\" height=\"120\" \/><\/a><p class=\"jig-HTMLdescription\">IMG_9367<\/p><\/li><li><a href=\"https:\/\/www.chambredhotecarcassonne.com\/wp-content\/uploads\/2021\/10\/IMG_9374-683x1024.jpg\"><img decoding=\"async\" src=\"https:\/\/www.chambredhotecarcassonne.com\/wp-content\/plugins\/justified-image-grid\/timthumb.php?src=https%3A%2F%2Fwww.chambredhotecarcassonne.com%2Fwp-content%2Fuploads%2F2021%2F10%2FIMG_9374-683x1024.jpg&amp;h=120&amp;q=90&amp;f=.jpg\" alt=\"IMG_9374\" width=\"80\" height=\"120\" \/><\/a><p class=\"jig-HTMLdescription\">IMG_9374<\/p><\/li><li><a href=\"https:\/\/www.chambredhotecarcassonne.com\/wp-content\/uploads\/2021\/10\/IMG_9397-1024x683.jpg\"><img decoding=\"async\" src=\"https:\/\/www.chambredhotecarcassonne.com\/wp-content\/plugins\/justified-image-grid\/timthumb.php?src=https%3A%2F%2Fwww.chambredhotecarcassonne.com%2Fwp-content%2Fuploads%2F2021%2F10%2FIMG_9397-1024x683.jpg&amp;h=120&amp;q=90&amp;f=.jpg\" alt=\"IMG_9397\" width=\"179\" height=\"120\" \/><\/a><p class=\"jig-HTMLdescription\">IMG_9397<\/p><\/li><li><a href=\"https:\/\/www.chambredhotecarcassonne.com\/wp-content\/uploads\/2021\/10\/IMG_9408-1024x683.jpg\"><img decoding=\"async\" src=\"https:\/\/www.chambredhotecarcassonne.com\/wp-content\/plugins\/justified-image-grid\/timthumb.php?src=https%3A%2F%2Fwww.chambredhotecarcassonne.com%2Fwp-content%2Fuploads%2F2021%2F10%2FIMG_9408-1024x683.jpg&amp;h=120&amp;q=90&amp;f=.jpg\" alt=\"IMG_9408\" width=\"179\" height=\"120\" \/><\/a><p class=\"jig-HTMLdescription\">IMG_9408<\/p><\/li><li><a href=\"https:\/\/www.chambredhotecarcassonne.com\/wp-content\/uploads\/2021\/10\/IMG_9403-683x1024.jpg\"><img decoding=\"async\" src=\"https:\/\/www.chambredhotecarcassonne.com\/wp-content\/plugins\/justified-image-grid\/timthumb.php?src=https%3A%2F%2Fwww.chambredhotecarcassonne.com%2Fwp-content%2Fuploads%2F2021%2F10%2FIMG_9403-683x1024.jpg&amp;h=120&amp;q=90&amp;f=.jpg\" alt=\"IMG_9403\" width=\"80\" height=\"120\" \/><\/a><p class=\"jig-HTMLdescription\">IMG_9403<\/p><\/li><li><a href=\"https:\/\/www.chambredhotecarcassonne.com\/wp-content\/uploads\/2021\/10\/IMG_9411-683x1024.jpg\"><img decoding=\"async\" src=\"https:\/\/www.chambredhotecarcassonne.com\/wp-content\/plugins\/justified-image-grid\/timthumb.php?src=https%3A%2F%2Fwww.chambredhotecarcassonne.com%2Fwp-content%2Fuploads%2F2021%2F10%2FIMG_9411-683x1024.jpg&amp;h=120&amp;q=90&amp;f=.jpg\" alt=\"IMG_9411\" width=\"80\" height=\"120\" \/><\/a><p class=\"jig-HTMLdescription\">IMG_9411<\/p><\/li><li><a href=\"https:\/\/www.chambredhotecarcassonne.com\/wp-content\/uploads\/2021\/10\/IMG_9413-1024x683.jpg\"><img decoding=\"async\" src=\"https:\/\/www.chambredhotecarcassonne.com\/wp-content\/plugins\/justified-image-grid\/timthumb.php?src=https%3A%2F%2Fwww.chambredhotecarcassonne.com%2Fwp-content%2Fuploads%2F2021%2F10%2FIMG_9413-1024x683.jpg&amp;h=120&amp;q=90&amp;f=.jpg\" alt=\"IMG_9413\" width=\"179\" height=\"120\" \/><\/a><p class=\"jig-HTMLdescription\">IMG_9413<\/p><\/li><li><a href=\"https:\/\/www.chambredhotecarcassonne.com\/wp-content\/uploads\/2021\/10\/IMG_9414-1024x683.jpg\"><img decoding=\"async\" src=\"https:\/\/www.chambredhotecarcassonne.com\/wp-content\/plugins\/justified-image-grid\/timthumb.php?src=https%3A%2F%2Fwww.chambredhotecarcassonne.com%2Fwp-content%2Fuploads%2F2021%2F10%2FIMG_9414-1024x683.jpg&amp;h=120&amp;q=90&amp;f=.jpg\" alt=\"IMG_9414\" width=\"179\" height=\"120\" \/><\/a><p class=\"jig-HTMLdescription\">IMG_9414<\/p><\/li><\/ul><\/noscript><\/div>\n<\/div><\/div><\/div><\/div><\/div>\n","protected":false},"excerpt":{"rendered":"<p>Buen Cassoulet casero en una olla Le Parfait, para 2 personas. Se puede presentar en nuestras cazuelas <a href=\"https:\/\/www.chambredhotecarcassonne.fr\/produit\/cassole\/\">(ver aqu\u00ed<\/a>).<br \/>\nNB: Las fotos de al lado representan una cazuela de 6 porciones (varias ollas&#8230; seg\u00fan el apetito), y hay otros tama\u00f1os disponibles.<\/p>\n","protected":false},"featured_media":2728,"template":"","meta":{"_monsterinsights_skip_tracking":false,"_monsterinsights_sitenote_active":false,"_monsterinsights_sitenote_note":"","_monsterinsights_sitenote_category":0},"product_brand":[],"product_cat":[65],"product_tag":[],"class_list":{"0":"post-3740","1":"product","2":"type-product","3":"status-publish","4":"has-post-thumbnail","6":"product_cat-gastronomia","8":"first","9":"instock","10":"featured","11":"shipping-taxable","12":"purchasable","13":"product-type-simple"},"aioseo_notices":[],"_links":{"self":[{"href":"https:\/\/www.chambredhotecarcassonne.com\/es\/wp-json\/wp\/v2\/product\/3740","targetHints":{"allow":["GET"]}}],"collection":[{"href":"https:\/\/www.chambredhotecarcassonne.com\/es\/wp-json\/wp\/v2\/product"}],"about":[{"href":"https:\/\/www.chambredhotecarcassonne.com\/es\/wp-json\/wp\/v2\/types\/product"}],"wp:featuredmedia":[{"embeddable":true,"href":"https:\/\/www.chambredhotecarcassonne.com\/es\/wp-json\/wp\/v2\/media\/2728"}],"wp:attachment":[{"href":"https:\/\/www.chambredhotecarcassonne.com\/es\/wp-json\/wp\/v2\/media?parent=3740"}],"wp:term":[{"taxonomy":"product_brand","embeddable":true,"href":"https:\/\/www.chambredhotecarcassonne.com\/es\/wp-json\/wp\/v2\/product_brand?post=3740"},{"taxonomy":"product_cat","embeddable":true,"href":"https:\/\/www.chambredhotecarcassonne.com\/es\/wp-json\/wp\/v2\/product_cat?post=3740"},{"taxonomy":"product_tag","embeddable":true,"href":"https:\/\/www.chambredhotecarcassonne.com\/es\/wp-json\/wp\/v2\/product_tag?post=3740"}],"curies":[{"name":"wp","href":"https:\/\/api.w.org\/{rel}","templated":true}]}}